{"id":3,"date":"2023-06-23T06:48:51","date_gmt":"2023-06-23T06:48:51","guid":{"rendered":"https:\/\/virginioantonio.i-p.it\/?page_id=3"},"modified":"2023-11-20T14:46:13","modified_gmt":"2023-11-20T14:46:13","slug":"privacy-policy","status":"publish","type":"page","link":"https:\/\/virginioantonio.it\/it\/privacy-policy\/","title":{"rendered":"Privacy Policy"},"content":{"rendered":"\t\t<div data-elementor-type=\"wp-page\" data-elementor-id=\"3\" class=\"elementor elementor-3\">\n\t\t\t\t\t\t<section class=\"elementor-section elementor-top-section elementor-element elementor-element-1d71c058 elementor-section-boxed elementor-section-height-default elementor-section-height-default\" data-id=\"1d71c058\" data-element_type=\"section\" data-e-type=\"section\">\n\t\t\t\t\t\t<div class=\"elementor-container elementor-column-gap-default\">\n\t\t\t\t\t<div class=\"elementor-column elementor-col-100 elementor-top-column elementor-element elementor-element-2105c9a1\" data-id=\"2105c9a1\" data-element_type=\"column\" data-e-type=\"column\">\n\t\t\t<div class=\"elementor-widget-wrap elementor-element-populated\">\n\t\t\t\t\t\t<div class=\"elementor-element elementor-element-722572f elementor-widget elementor-widget-text-editor\" data-id=\"722572f\" data-element_type=\"widget\" data-e-type=\"widget\" data-widget_type=\"text-editor.default\">\n\t\t\t\t<div class=\"elementor-widget-container\">\n\t\t\t\t\t\t\t\t\t<h1><strong>INFORMATIVA PER IL TRATTAMENTO DEI DATI PERSONALI<\/strong><\/h1>\n<h3><strong>(AI SENSI DELL\u2019ARTICOLO 13 E 14 DEL REGOLAMENTO EUROPEO N. 679\/16)<\/strong><\/h3>\n<p><br>Il sito della <strong> Virginio Antonio \u00a9Plastic Metal S.p.A  <\/strong>fin dalla sua progettazione, intende garantire il rispetto dei principi sanciti dal Regolamento UE n. 2016\/679 relativo alla protezione delle persone fisiche con particolare riguardo al Trattamento<br>\n    dei Dati Personali, nessuno escluso, nonch\u00e9 alla libera circolazione dei medesimi anche nell\u2019interesse pubblico coerentemente con il diritto alla trasparenza.<br>    <br>La <strong> Virginio Antonio \u00a9Plastic Metal S.p.A <\/strong> garantisce agli interessati la possibilit\u00e0 di interagire con il proprio portale per usufruire liberamente dei servizi richiesti come per esempio l\u2019invio di newsletter o informative per le quali l\u2019interessato<br>\n    ha espresso consapevolmente il consenso al trattamento. I dati personali trattati \u2013 eventualmente raccolti o forniti negli appositi form dal navigatore \u2013 ed ogni altro tipo di informazione pertinente, sono accessibili attraverso l\u2019indirizzo <strong>www.virginioantonio.it<\/strong>  corrispondente al sito ufficiale della <strong> Virginio Antonio \u00a9Plastic Metal S.p.A <\/strong><br>    <br>Con la presente informativa la <strong> Virginio Antonio \u00a9Plastic Metal S.p.A <\/strong>, oltre a descrivere le modalit\u00e0 di libera fruizione del sito, intende informare gli utenti ed i navigatori anche riguardo al trattamento dei dati personali e alle relative<br>\n    garanzie riconosciute dalla legge, ai sensi dell\u2019art. 13 del predetto \u201cRegolamento\u201d. Quest\u2019informativa \u00e8 resa esclusivamente per i dati personali contenuti o acquisiti durante la fruizione del sito della <strong> Virginio Antonio \u00a9Plastic Metal S.p.A <\/strong>e<br>\n    non per altri siti web (di cui Virginio Antonio \u00a9Plastic Metal S.p.A non \u00e8 responsabile o contitolare) che possono essere consultati dall\u2019utente tramite link.<br>    <br><br><strong>Titolare del trattamento<\/strong><br>    <br>Titolare del trattamento dei dati personali \u00e8 la <strong> Virginio Antonio \u00a9Plastic Metal S.p.A <\/strong>nella persona del Legale Rappresentante protempore, domiciliato per la carica presso la sede istituzionale, attualmente il nominativo del Titolare \u00e8 Virginio Antonio \u00a9Plastic Metal S.p.A reperibile a questo indirizzo: Via Francia, 6 36053 Gambellara (VI) &#8211; Italia \u2013 Tel: +39 0444 440320 &#8211; Email: ced@plasticmetal.it<\/p>\n<p><br>    <strong>Finalit\u00e0 del trattamento e base giuridica<\/strong><br>    <br>I dati personali verranno trattati coerentemente ai servizi offerti dalla <strong> Virginio Antonio \u00a9Plastic Metal S.p.A <\/strong> attraverso il proprio portale per garantire la fornitura di beni e servizi pertinenti all\u2019oggetto dello statuto sociale nonch\u00e9<br>\n    per permettere l\u2019attivit\u00e0 commerciale di marketing diretto (attivit\u00e0 per la quale la societ\u00e0 dispone di idoneo Registro del trattamento contenente le categorie di soggetti a cui si riferiscono i dati personali. Nell\u2019ambito di tali finalit\u00e0 il trattamento<br>\n    riguarda anche i dati relativi alle registrazioni al portale necessari per la gestione dei rapporti con la <strong> Virginio Antonio \u00a9Plastic Metal S.p.A <\/strong>, nonch\u00e9 per consentire un\u2019efficace comunicazione istituzionale e per adempiere ad eventuali obblighi<br>\n    di legge, regolamentari o contrattuali.<br>    <br><br><strong>Luogo e modalit\u00e0 del trattamento<\/strong><br>    <br>I dati sono trattati esclusivamente nel Territorio Italiano da parte di personale istruito, formato e autorizzato al lecito trattamento dei dati secondo i principi di correttezza, liceit\u00e0, trasparenza, pertinenza e non eccedenza rispetto alle<br>\n    finalit\u00e0 di raccolta e di successivo trattamento. Il trattamento dei dati connessi ai servizi offerti dal sito della <strong> Virginio Antonio \u00a9Plastic Metal S.p.A <\/strong> avviene per il tempo strettamente necessario a conseguire le finalit\u00e0 prefissate dall\u2019utente<br>\n    stesso al quale sono riservate tutte le misure minime di sicurezza (e di riservatezza) volte a prevenire la perdita dei dati, usi illeciti o non corretti ovvero accessi non autorizzati. I dati personali forniti dagli utenti che si registrano o utilizzano<br>\n    i servizi del sito della <strong> Virginio Antonio \u00a9Plastic Metal S.p.A <\/strong> \u2013 quali <strong>nome, cognome, indirizzo e-mail, telefono, azienda e sito web<\/strong> \u2013 possono essere utilizzati per altre operazioni di trattamento in termini compatibili con gli<br>\n    scopi della raccolta come ad esempio l\u2019invio, mediante posta elettronica, di comunicazioni coerenti con il servizio offerto e richiesto. I dati personali degli utenti che richiedono documenti o materiale informativo (newsletter, risposte a quesiti,<br>\n    atti e provvedimenti, ecc.) sono utilizzati solo per eseguire il servizio o la prestazione richiesta e non sono oggetto di cessione o diffusione. Non \u00e8 previsto l\u2019uso di trattamenti automatizzati o processi decisionali automatizzati o volti a profilare<br>\n    il fruitore del sito istituzionale della <strong> Virginio Antonio \u00a9Plastic Metal S.p.A <\/strong><br>    <br><br><strong>Tipologia dei dati trattati e destinatari<\/strong><br>    <br>Le categorie dei dati trattati nonch\u00e9 le categorie dei destinatari a cui si riferiscono i dati sono riportate nel Registro dei Trattamenti disponibile presso la sede della <strong> Virginio Antonio \u00a9Plastic Metal S.p.A <\/strong><br>    <br><br><strong>Periodo di conservazione<\/strong><br>    <br>I dati verranno conservati per un periodo di tempo non superiore al conseguimento delle finalit\u00e0 sopra indicate (\u201cprincipio di limitazione della conservazione\u201d, art.5, del Regolamento UE) o in base alle scadenze previste dalle norme di legge.<br>    <br><br><strong>Trasferimento dei dati all\u2019estero<\/strong><br>    <br>I dati non vengono trasferiti a paesi terzi al di fuori dello Spazio Economico Europeo.<br>    <br><br><strong>DIRITTI DELL\u2019INTERESSATO<\/strong><br>    <br>I diritti dell\u2019interessato (rif. articoli 15\u00f721 del Regolamento UE) possono essere esercitati in qualsiasi momento e si riassumono nel diritto:<\/p>\n<ul>\n<li>di ottenere la conferma dell\u2019esistenza o meno di un trattamento di dati personali che lo riguardano, e l\u2019accesso agli stessi;<\/li>\n<li>di ottenere la rettifica dei dati senza ingiustificato ritardo, inclusa l\u2019integrazione dei dati;<\/li>\n<li>di ottenere la cancellazione dei dati;<\/li>\n<li>di ottenere la limitazione del trattamento e la comunicazione di eventuale revoca della stessa;<\/li>\n<li>alla portabilit\u00e0 dei dati;<\/li>\n<li>di proporre reclamo a un\u2019autorit\u00e0 di controllo.<\/li>\n<\/ul>\n<p>Quanto sopra fatta salva l\u2019esistenza di motivi legittimi da parte del Titolare.<br>    <br><\/p>\t\t\t\t\t\t\t\t<\/div>\n\t\t\t\t<\/div>\n\t\t\t\t\t<\/div>\n\t\t<\/div>\n\t\t\t\t\t<\/div>\n\t\t<\/section>\n\t\t\t\t<\/div>\n\t\t","protected":false},"excerpt":{"rendered":"<p>INFORMATIVA PER IL TRATTAMENTO DEI DATI PERSONALI (AI SENSI DELL\u2019ARTICOLO 13 E 14 DEL REGOLAMENTO EUROPEO N. 679\/16) Il sito della Virginio Antonio \u00a9Plastic Metal S.p.A fin dalla sua progettazione, intende garantire il rispetto dei principi sanciti dal Regolamento UE n. 2016\/679 relativo alla protezione delle persone fisiche con particolare riguardo al Trattamento dei Dati [&hellip;]<\/p>\n","protected":false},"author":1,"featured_media":0,"parent":0,"menu_order":0,"comment_status":"closed","ping_status":"closed","template":"","meta":{"site-sidebar-layout":"default","site-content-layout":"","ast-site-content-layout":"default","site-content-style":"default","site-sidebar-style":"default","ast-global-header-display":"","ast-banner-title-visibility":"","ast-main-header-display":"","ast-hfb-above-header-display":"","ast-hfb-below-header-display":"","ast-hfb-mobile-header-display":"","site-post-title":"","ast-breadcrumbs-content":"","ast-featured-img":"","footer-sml-layout":"","ast-disable-related-posts":"","theme-transparent-header-meta":"","adv-header-id-meta":"","stick-header-meta":"","header-above-stick-meta":"","header-main-stick-meta":"","header-below-stick-meta":"","astra-migrate-meta-layouts":"default","ast-page-background-enabled":"default","ast-page-background-meta":{"desktop":{"background-color":"var(--ast-global-color-4)","background-image":"","background-repeat":"repeat","background-position":"center center","background-size":"auto","background-attachment":"scroll","background-type":"","background-media":"","overlay-type":"","overlay-color":"","overlay-opacity":"","overlay-gradient":""},"tablet":{"background-color":"","background-image":"","background-repeat":"repeat","background-position":"center center","background-size":"auto","background-attachment":"scroll","background-type":"","background-media":"","overlay-type":"","overlay-color":"","overlay-opacity":"","overlay-gradient":""},"mobile":{"background-color":"","background-image":"","background-repeat":"repeat","background-position":"center center","background-size":"auto","background-attachment":"scroll","background-type":"","background-media":"","overlay-type":"","overlay-color":"","overlay-opacity":"","overlay-gradient":""}},"ast-content-background-meta":{"desktop":{"background-color":"var(--ast-global-color-5)","background-image":"","background-repeat":"repeat","background-position":"center center","background-size":"auto","background-attachment":"scroll","background-type":"","background-media":"","overlay-type":"","overlay-color":"","overlay-opacity":"","overlay-gradient":""},"tablet":{"background-color":"var(--ast-global-color-5)","background-image":"","background-repeat":"repeat","background-position":"center center","background-size":"auto","background-attachment":"scroll","background-type":"","background-media":"","overlay-type":"","overlay-color":"","overlay-opacity":"","overlay-gradient":""},"mobile":{"background-color":"var(--ast-global-color-5)","background-image":"","background-repeat":"repeat","background-position":"center center","background-size":"auto","background-attachment":"scroll","background-type":"","background-media":"","overlay-type":"","overlay-color":"","overlay-opacity":"","overlay-gradient":""}},"footnotes":""},"class_list":["post-3","page","type-page","status-publish","hentry"],"yoast_head":"<!-- This site is optimized with the Yoast SEO plugin v27.4 - https:\/\/yoast.com\/product\/yoast-seo-wordpress\/ -->\n<title>Privacy Policy | VirginioAntonio<\/title>\n<meta name=\"robots\" content=\"index, follow, max-snippet:-1, max-image-preview:large, max-video-preview:-1\" \/>\n<link rel=\"canonical\" href=\"https:\/\/virginioantonio.it\/it\/privacy-policy\/\" \/>\n<meta property=\"og:locale\" content=\"it_IT\" \/>\n<meta property=\"og:type\" content=\"article\" \/>\n<meta property=\"og:title\" content=\"Privacy Policy | VirginioAntonio\" \/>\n<meta property=\"og:description\" content=\"INFORMATIVA PER IL TRATTAMENTO DEI DATI PERSONALI (AI SENSI DELL\u2019ARTICOLO 13 E 14 DEL REGOLAMENTO EUROPEO N. 679\/16) Il sito della Virginio Antonio \u00a9Plastic Metal S.p.A fin dalla sua progettazione, intende garantire il rispetto dei principi sanciti dal Regolamento UE n. 2016\/679 relativo alla protezione delle persone fisiche con particolare riguardo al Trattamento dei Dati [&hellip;]\" \/>\n<meta property=\"og:url\" content=\"https:\/\/virginioantonio.it\/it\/privacy-policy\/\" \/>\n<meta property=\"og:site_name\" content=\"VirginioAntonio\" \/>\n<meta property=\"article:modified_time\" content=\"2023-11-20T14:46:13+00:00\" \/>\n<meta name=\"twitter:card\" content=\"summary_large_image\" \/>\n<meta name=\"twitter:label1\" content=\"Tempo di lettura stimato\" \/>\n\t<meta name=\"twitter:data1\" content=\"5 minuti\" \/>\n<script type=\"application\/ld+json\" class=\"yoast-schema-graph\">{\"@context\":\"https:\\\/\\\/schema.org\",\"@graph\":[{\"@type\":\"WebPage\",\"@id\":\"https:\\\/\\\/virginioantonio.it\\\/it\\\/privacy-policy\\\/\",\"url\":\"https:\\\/\\\/virginioantonio.it\\\/it\\\/privacy-policy\\\/\",\"name\":\"Privacy Policy | VirginioAntonio\",\"isPartOf\":{\"@id\":\"https:\\\/\\\/virginioantonio.it\\\/it\\\/#website\"},\"datePublished\":\"2023-06-23T06:48:51+00:00\",\"dateModified\":\"2023-11-20T14:46:13+00:00\",\"breadcrumb\":{\"@id\":\"https:\\\/\\\/virginioantonio.it\\\/it\\\/privacy-policy\\\/#breadcrumb\"},\"inLanguage\":\"it-IT\",\"potentialAction\":[{\"@type\":\"ReadAction\",\"target\":[\"https:\\\/\\\/virginioantonio.it\\\/it\\\/privacy-policy\\\/\"]}]},{\"@type\":\"BreadcrumbList\",\"@id\":\"https:\\\/\\\/virginioantonio.it\\\/it\\\/privacy-policy\\\/#breadcrumb\",\"itemListElement\":[{\"@type\":\"ListItem\",\"position\":1,\"name\":\"Home\",\"item\":\"https:\\\/\\\/virginioantonio.it\\\/it\\\/\"},{\"@type\":\"ListItem\",\"position\":2,\"name\":\"Privacy Policy\"}]},{\"@type\":\"WebSite\",\"@id\":\"https:\\\/\\\/virginioantonio.it\\\/it\\\/#website\",\"url\":\"https:\\\/\\\/virginioantonio.it\\\/it\\\/\",\"name\":\"VirginioAntonio\",\"description\":\"Ritiro e vendita macchinari industriali di seconda mano\",\"publisher\":{\"@id\":\"https:\\\/\\\/virginioantonio.it\\\/it\\\/#organization\"},\"potentialAction\":[{\"@type\":\"SearchAction\",\"target\":{\"@type\":\"EntryPoint\",\"urlTemplate\":\"https:\\\/\\\/virginioantonio.it\\\/it\\\/?s={search_term_string}\"},\"query-input\":{\"@type\":\"PropertyValueSpecification\",\"valueRequired\":true,\"valueName\":\"search_term_string\"}}],\"inLanguage\":\"it-IT\"},{\"@type\":\"Organization\",\"@id\":\"https:\\\/\\\/virginioantonio.it\\\/it\\\/#organization\",\"name\":\"VirginioAntonio\",\"url\":\"https:\\\/\\\/virginioantonio.it\\\/it\\\/\",\"logo\":{\"@type\":\"ImageObject\",\"inLanguage\":\"it-IT\",\"@id\":\"https:\\\/\\\/virginioantonio.it\\\/it\\\/#\\\/schema\\\/logo\\\/image\\\/\",\"url\":\"https:\\\/\\\/virginioantonio.it\\\/wp-content\\\/uploads\\\/2023\\\/07\\\/logo-antonio.png\",\"contentUrl\":\"https:\\\/\\\/virginioantonio.it\\\/wp-content\\\/uploads\\\/2023\\\/07\\\/logo-antonio.png\",\"width\":340,\"height\":133,\"caption\":\"VirginioAntonio\"},\"image\":{\"@id\":\"https:\\\/\\\/virginioantonio.it\\\/it\\\/#\\\/schema\\\/logo\\\/image\\\/\"}}]}<\/script>\n<!-- \/ Yoast SEO plugin. -->","yoast_head_json":{"title":"Privacy Policy | VirginioAntonio","robots":{"index":"index","follow":"follow","max-snippet":"max-snippet:-1","max-image-preview":"max-image-preview:large","max-video-preview":"max-video-preview:-1"},"canonical":"https:\/\/virginioantonio.it\/it\/privacy-policy\/","og_locale":"it_IT","og_type":"article","og_title":"Privacy Policy | VirginioAntonio","og_description":"INFORMATIVA PER IL TRATTAMENTO DEI DATI PERSONALI (AI SENSI DELL\u2019ARTICOLO 13 E 14 DEL REGOLAMENTO EUROPEO N. 679\/16) Il sito della Virginio Antonio \u00a9Plastic Metal S.p.A fin dalla sua progettazione, intende garantire il rispetto dei principi sanciti dal Regolamento UE n. 2016\/679 relativo alla protezione delle persone fisiche con particolare riguardo al Trattamento dei Dati [&hellip;]","og_url":"https:\/\/virginioantonio.it\/it\/privacy-policy\/","og_site_name":"VirginioAntonio","article_modified_time":"2023-11-20T14:46:13+00:00","twitter_card":"summary_large_image","twitter_misc":{"Tempo di lettura stimato":"5 minuti"},"schema":{"@context":"https:\/\/schema.org","@graph":[{"@type":"WebPage","@id":"https:\/\/virginioantonio.it\/it\/privacy-policy\/","url":"https:\/\/virginioantonio.it\/it\/privacy-policy\/","name":"Privacy Policy | VirginioAntonio","isPartOf":{"@id":"https:\/\/virginioantonio.it\/it\/#website"},"datePublished":"2023-06-23T06:48:51+00:00","dateModified":"2023-11-20T14:46:13+00:00","breadcrumb":{"@id":"https:\/\/virginioantonio.it\/it\/privacy-policy\/#breadcrumb"},"inLanguage":"it-IT","potentialAction":[{"@type":"ReadAction","target":["https:\/\/virginioantonio.it\/it\/privacy-policy\/"]}]},{"@type":"BreadcrumbList","@id":"https:\/\/virginioantonio.it\/it\/privacy-policy\/#breadcrumb","itemListElement":[{"@type":"ListItem","position":1,"name":"Home","item":"https:\/\/virginioantonio.it\/it\/"},{"@type":"ListItem","position":2,"name":"Privacy Policy"}]},{"@type":"WebSite","@id":"https:\/\/virginioantonio.it\/it\/#website","url":"https:\/\/virginioantonio.it\/it\/","name":"VirginioAntonio","description":"Ritiro e vendita macchinari industriali di seconda mano","publisher":{"@id":"https:\/\/virginioantonio.it\/it\/#organization"},"potentialAction":[{"@type":"SearchAction","target":{"@type":"EntryPoint","urlTemplate":"https:\/\/virginioantonio.it\/it\/?s={search_term_string}"},"query-input":{"@type":"PropertyValueSpecification","valueRequired":true,"valueName":"search_term_string"}}],"inLanguage":"it-IT"},{"@type":"Organization","@id":"https:\/\/virginioantonio.it\/it\/#organization","name":"VirginioAntonio","url":"https:\/\/virginioantonio.it\/it\/","logo":{"@type":"ImageObject","inLanguage":"it-IT","@id":"https:\/\/virginioantonio.it\/it\/#\/schema\/logo\/image\/","url":"https:\/\/virginioantonio.it\/wp-content\/uploads\/2023\/07\/logo-antonio.png","contentUrl":"https:\/\/virginioantonio.it\/wp-content\/uploads\/2023\/07\/logo-antonio.png","width":340,"height":133,"caption":"VirginioAntonio"},"image":{"@id":"https:\/\/virginioantonio.it\/it\/#\/schema\/logo\/image\/"}}]}},"_links":{"self":[{"href":"https:\/\/virginioantonio.it\/it\/wp-json\/wp\/v2\/pages\/3","targetHints":{"allow":["GET"]}}],"collection":[{"href":"https:\/\/virginioantonio.it\/it\/wp-json\/wp\/v2\/pages"}],"about":[{"href":"https:\/\/virginioantonio.it\/it\/wp-json\/wp\/v2\/types\/page"}],"author":[{"embeddable":true,"href":"https:\/\/virginioantonio.it\/it\/wp-json\/wp\/v2\/users\/1"}],"replies":[{"embeddable":true,"href":"https:\/\/virginioantonio.it\/it\/wp-json\/wp\/v2\/comments?post=3"}],"version-history":[{"count":0,"href":"https:\/\/virginioantonio.it\/it\/wp-json\/wp\/v2\/pages\/3\/revisions"}],"wp:attachment":[{"href":"https:\/\/virginioantonio.it\/it\/wp-json\/wp\/v2\/media?parent=3"}],"curies":[{"name":"wp","href":"https:\/\/api.w.org\/{rel}","templated":true}]}}